{"id":578,"date":"2016-12-19T18:10:24","date_gmt":"2016-12-19T17:10:24","guid":{"rendered":"http:\/\/www.ristoranteborsa.it\/valeggio\/"},"modified":"2017-08-20T15:31:18","modified_gmt":"2017-08-20T13:31:18","slug":"valeggio","status":"publish","type":"page","link":"https:\/\/www.ristoranteborsa.it\/de\/valeggio\/","title":{"rendered":"Valeggio"},"content":{"rendered":"<p>Unser Dorf \u2026 ist unseres. \u2028Es ist f\u00fcr uns wie ein von erfahrenen und weitblickenden H\u00e4nden ma\u00dfgeschneidertes Kleid.<\/p>\n<p>Eine Erz\u00e4hlung von Skaligern Visconti, \u00d6sterreichern und zeitgen\u00f6ssischen\u00a0 Helden, die wissen, wie man den Zauber dieses l\u00e4ndlichen Dorfs, das St\u00e4dten, Attraktionen, unsch\u00e4tzbaren, angrenzenden und seit ewigen Zeiten faszinierenden Sch\u00f6nheiten die Stirn bietet, lebendig h\u00e4lt.<\/p>\n<p>Gardasee, Verona, Mantua&#8230; umgeben von diesen Referenzpunkten des nationalen Tourismus erh\u00e4lt Valeggio sul Mincio seine Energie und Sch\u00f6nheit.<\/p>\n<p>Die Gew\u00e4sser des Mincio bereichern eines der suggestivsten Orte Italiens, Borghetto, das unter dem aufmerksamen und festen Blick des Schlosses Scaligero G\u00e4ste aus aller Welt willkommen hei\u00dft.<\/p>\n<div class=\"fve-video-wrapper fve-image-embed fve-thumbnail-image youtube\" style=\"padding-bottom:75%;\">\n    <iframe loading=\"lazy\" src=\"\/\/www.youtube.com\/embed\/uyijsB4JTP0?wmode=transparent&#038;modestbranding=1&#038;autohide=1&#038;showinfo=0&#038;rel=0\" width=\"100%\" height=\"100%\" frameborder=\"0\" webkitAllowFullScreen mozallowfullscreen allowFullScreen><\/iframe>    <\/div>\n<h2><\/h2>\n<hr \/>\n<h2>Valeggio, entdeckenswert<\/h2>\n<p>Eine ausgezeichnete Strategie, um mit uns flink und in Form zu bleiben, nachdem Sie sich in unserer K\u00fcche Ihre Streicheleinheiten geholt haben. Ob zu Fu\u00df oder mit Ihrem geliebten Fahrrad, bietet Valeggio interessante Strecken, die Augen und Herz erfreuen.<\/p>\n<p><img loading=\"lazy\" class=\"full aligncenter wp-image-349 size-large\" src=\"http:\/\/ciaverniciatura.it\/wp-content\/uploads\/2016\/10\/Cartolina-percorsi-AllaBorsa-2016-per-MenuTavoli2016-e1476966343436-1024x743.jpg\" alt=\"cartolina-percorsi-allaborsa-2016-per-menutavoli2016\" width=\"1024\" height=\"743\" srcset=\"https:\/\/www.ristoranteborsa.it\/wp-content\/uploads\/2016\/10\/Cartolina-percorsi-AllaBorsa-2016-per-MenuTavoli2016-e1476966343436-1024x743.jpg 1024w, https:\/\/www.ristoranteborsa.it\/wp-content\/uploads\/2016\/10\/Cartolina-percorsi-AllaBorsa-2016-per-MenuTavoli2016-e1476966343436-300x218.jpg 300w, https:\/\/www.ristoranteborsa.it\/wp-content\/uploads\/2016\/10\/Cartolina-percorsi-AllaBorsa-2016-per-MenuTavoli2016-e1476966343436-768x557.jpg 768w\" sizes=\"(max-width: 1024px) 100vw, 1024px\" \/><\/p>\n<p>&nbsp;<\/p>\n","protected":false},"excerpt":{"rendered":"<p>Unser Dorf \u2026 ist unseres. \u2028Es ist f\u00fcr uns wie ein von erfahrenen und weitblickenden H\u00e4nden ma\u00dfgeschneidertes Kleid. Eine Erz\u00e4hlung von Skaligern Visconti, \u00d6sterreichern und zeitgen\u00f6ssischen\u00a0 Helden, die wissen, wie man den Zauber dieses l\u00e4ndlichen Dorfs, das St\u00e4dten, Attraktionen, unsch\u00e4tzbaren, angrenzenden und seit ewigen Zeiten faszinierenden Sch\u00f6nheiten die Stirn bietet, lebendig h\u00e4lt. Gardasee, Verona, Mantua&#8230; [&hellip;]<\/p>\n","protected":false},"author":2,"featured_media":324,"parent":0,"menu_order":20,"comment_status":"closed","ping_status":"closed","template":"","meta":[],"acf":[],"_links":{"self":[{"href":"https:\/\/www.ristoranteborsa.it\/de\/wp-json\/wp\/v2\/pages\/578"}],"collection":[{"href":"https:\/\/www.ristoranteborsa.it\/de\/wp-json\/wp\/v2\/pages"}],"about":[{"href":"https:\/\/www.ristoranteborsa.it\/de\/wp-json\/wp\/v2\/types\/page"}],"author":[{"embeddable":true,"href":"https:\/\/www.ristoranteborsa.it\/de\/wp-json\/wp\/v2\/users\/2"}],"replies":[{"embeddable":true,"href":"https:\/\/www.ristoranteborsa.it\/de\/wp-json\/wp\/v2\/comments?post=578"}],"version-history":[{"count":3,"href":"https:\/\/www.ristoranteborsa.it\/de\/wp-json\/wp\/v2\/pages\/578\/revisions"}],"predecessor-version":[{"id":582,"href":"https:\/\/www.ristoranteborsa.it\/de\/wp-json\/wp\/v2\/pages\/578\/revisions\/582"}],"wp:featuredmedia":[{"embeddable":true,"href":"https:\/\/www.ristoranteborsa.it\/de\/wp-json\/wp\/v2\/media\/324"}],"wp:attachment":[{"href":"https:\/\/www.ristoranteborsa.it\/de\/wp-json\/wp\/v2\/media?parent=578"}],"curies":[{"name":"wp","href":"https:\/\/api.w.org\/{rel}","templated":true}]}}