{"id":557,"date":"2016-12-31T15:36:55","date_gmt":"2016-12-31T14:36:55","guid":{"rendered":"http:\/\/www.ristoranteborsa.it\/catering\/"},"modified":"2017-08-16T13:18:15","modified_gmt":"2017-08-16T11:18:15","slug":"catering","status":"publish","type":"page","link":"https:\/\/www.ristoranteborsa.it\/de\/catering\/","title":{"rendered":"Partyservice"},"content":{"rendered":"<p>So haben Sie uns immer bei sich.<\/p>\n<p>Der Gaumen und die Augen wissen angeregt dar\u00fcber zu diskutieren, welchem Gericht sie ihre Aufmerksamkeit schenken sollten. Der Geschmack ist in der Tat so wie er in unserem Restaurant immer war, mit ein paar Mehrwerten, um Ihre G\u00e4ste zu \u00fcberraschen, aber den Ort wird Ihr Instinkt w\u00e4hlen.<\/p>\n<p><strong>Einige Orte, die uns verzaubert haben.<\/strong><\/p>\n<p>&nbsp;<\/p>\n<h3>Das Fenster zum Fluss.<\/h3>\n<div class=\"fve-video-wrapper fve-image-embed fve-thumbnail-image youtube\" style=\"padding-bottom:75%;\">\n    <iframe loading=\"lazy\" src=\"\/\/www.youtube.com\/embed\/UQDQBb3jUd0?wmode=transparent&#038;modestbranding=1&#038;autohide=1&#038;showinfo=0&#038;rel=0\" width=\"100%\" height=\"100%\" frameborder=\"0\" webkitAllowFullScreen mozallowfullscreen allowFullScreen><\/iframe>    <\/div>\n<hr \/>\n<h3>Villa Sigurt\u00e0<\/h3>\n<div class=\"fve-video-wrapper fve-image-embed fve-thumbnail-image youtube\" style=\"padding-bottom:75%;\">\n    <iframe loading=\"lazy\" src=\"\/\/www.youtube.com\/embed\/fJel16a6cPo?wmode=transparent&#038;modestbranding=1&#038;autohide=1&#038;showinfo=0&#038;rel=0\" width=\"100%\" height=\"100%\" frameborder=\"0\" webkitAllowFullScreen mozallowfullscreen allowFullScreen><\/iframe>    <\/div>\n<hr \/>\n<p><strong>Ein Dinner f\u00fcr Zwei<\/strong><\/p>\n<div class=\"fve-video-wrapper fve-image-embed fve-thumbnail-image youtube\" style=\"padding-bottom:75%;\">\n    <iframe loading=\"lazy\" src=\"\/\/www.youtube.com\/embed\/_n7hUd6Y8A4?wmode=transparent&#038;modestbranding=1&#038;autohide=1&#038;showinfo=0&#038;rel=0\" width=\"100%\" height=\"100%\" frameborder=\"0\" webkitAllowFullScreen mozallowfullscreen allowFullScreen><\/iframe>    <\/div>\n","protected":false},"excerpt":{"rendered":"<p>So haben Sie uns immer bei sich. Der Gaumen und die Augen wissen angeregt dar\u00fcber zu diskutieren, welchem Gericht sie ihre Aufmerksamkeit schenken sollten. Der Geschmack ist in der Tat so wie er in unserem Restaurant immer war, mit ein paar Mehrwerten, um Ihre G\u00e4ste zu \u00fcberraschen, aber den Ort wird Ihr Instinkt w\u00e4hlen. Einige [&hellip;]<\/p>\n","protected":false},"author":2,"featured_media":0,"parent":0,"menu_order":3,"comment_status":"closed","ping_status":"closed","template":"","meta":[],"acf":[],"_links":{"self":[{"href":"https:\/\/www.ristoranteborsa.it\/de\/wp-json\/wp\/v2\/pages\/557"}],"collection":[{"href":"https:\/\/www.ristoranteborsa.it\/de\/wp-json\/wp\/v2\/pages"}],"about":[{"href":"https:\/\/www.ristoranteborsa.it\/de\/wp-json\/wp\/v2\/types\/page"}],"author":[{"embeddable":true,"href":"https:\/\/www.ristoranteborsa.it\/de\/wp-json\/wp\/v2\/users\/2"}],"replies":[{"embeddable":true,"href":"https:\/\/www.ristoranteborsa.it\/de\/wp-json\/wp\/v2\/comments?post=557"}],"version-history":[{"count":2,"href":"https:\/\/www.ristoranteborsa.it\/de\/wp-json\/wp\/v2\/pages\/557\/revisions"}],"predecessor-version":[{"id":559,"href":"https:\/\/www.ristoranteborsa.it\/de\/wp-json\/wp\/v2\/pages\/557\/revisions\/559"}],"wp:attachment":[{"href":"https:\/\/www.ristoranteborsa.it\/de\/wp-json\/wp\/v2\/media?parent=557"}],"curies":[{"name":"wp","href":"https:\/\/api.w.org\/{rel}","templated":true}]}}