{"id":585,"date":"2016-12-06T14:48:56","date_gmt":"2016-12-06T13:48:56","guid":{"rendered":"http:\/\/www.ristoranteborsa.it\/contatti\/"},"modified":"2018-11-05T12:58:43","modified_gmt":"2018-11-05T11:58:43","slug":"contatti","status":"publish","type":"page","link":"http:\/\/www.ristoranteborsa.it\/de\/contatti\/","title":{"rendered":"Kontakte"},"content":{"rendered":"<p><strong>Via Goito 2, 37067 Valeggio sul Mincio (VR)<br \/>\n<\/strong><strong>Tel 045\/7950093<br \/>\n<\/strong><strong>E-Mail: <a href=\"mailto:ristoranteborsa@gmail.com\">ristoranteborsa@gmail.com<\/a><\/strong><\/p>\n<p>&nbsp;<\/p>\n<p><span style=\"color: #ff0000;\"><strong><em>Die Buchungen \u00fcber E-Mail sind erst nach der Empfangsbest\u00e4tigung des Restaurants als best\u00e4tigt zu erachten. Wir empfehlen, mindestens 24 Stunden vorher zu schreiben. \u2028(48 Stunden zuvor f\u00fcr Buchungen f\u00fcr Wochenende und Feiertage)<\/em><\/strong><\/span><\/p>\n<p><strong>Dienstags und Mittwochs Geschlossen.<\/strong><br \/>\n<span style=\"color: #ff0000;\"><em>*Von Mitte November bis Mitte M\u00e4rz sind wir am Sonntagabend geshlossen.<\/em><\/span><\/p>\n","protected":false},"excerpt":{"rendered":"<p>Via Goito 2, 37067 Valeggio sul Mincio (VR) Tel 045\/7950093 E-Mail: ristoranteborsa@gmail.com &nbsp; Die Buchungen \u00fcber E-Mail sind erst nach der Empfangsbest\u00e4tigung des Restaurants als best\u00e4tigt zu erachten. Wir empfehlen, mindestens 24 Stunden vorher zu schreiben. \u2028(48 Stunden zuvor f\u00fcr Buchungen f\u00fcr Wochenende und Feiertage) Dienstags und Mittwochs Geschlossen. *Von Mitte November bis Mitte M\u00e4rz [&hellip;]<\/p>\n","protected":false},"author":2,"featured_media":697,"parent":0,"menu_order":5,"comment_status":"closed","ping_status":"closed","template":"contacts.php","meta":[],"acf":[],"_links":{"self":[{"href":"http:\/\/www.ristoranteborsa.it\/de\/wp-json\/wp\/v2\/pages\/585"}],"collection":[{"href":"http:\/\/www.ristoranteborsa.it\/de\/wp-json\/wp\/v2\/pages"}],"about":[{"href":"http:\/\/www.ristoranteborsa.it\/de\/wp-json\/wp\/v2\/types\/page"}],"author":[{"embeddable":true,"href":"http:\/\/www.ristoranteborsa.it\/de\/wp-json\/wp\/v2\/users\/2"}],"replies":[{"embeddable":true,"href":"http:\/\/www.ristoranteborsa.it\/de\/wp-json\/wp\/v2\/comments?post=585"}],"version-history":[{"count":4,"href":"http:\/\/www.ristoranteborsa.it\/de\/wp-json\/wp\/v2\/pages\/585\/revisions"}],"predecessor-version":[{"id":699,"href":"http:\/\/www.ristoranteborsa.it\/de\/wp-json\/wp\/v2\/pages\/585\/revisions\/699"}],"wp:featuredmedia":[{"embeddable":true,"href":"http:\/\/www.ristoranteborsa.it\/de\/wp-json\/wp\/v2\/media\/697"}],"wp:attachment":[{"href":"http:\/\/www.ristoranteborsa.it\/de\/wp-json\/wp\/v2\/media?parent=585"}],"curies":[{"name":"wp","href":"https:\/\/api.w.org\/{rel}","templated":true}]}}