{"id":548,"date":"2017-01-12T22:55:55","date_gmt":"2017-01-12T21:55:55","guid":{"rendered":"http:\/\/www.ristoranteborsa.it\/home\/"},"modified":"2017-08-16T12:50:10","modified_gmt":"2017-08-16T10:50:10","slug":"home","status":"publish","type":"page","link":"http:\/\/www.ristoranteborsa.it\/de\/","title":{"rendered":"Home"},"content":{"rendered":"<div id=\"idTextPanel\" class=\"jqDnR\">\n<h1>Danke<\/h1>\n<p>Nadia bedankt sich bei ihren Eltern, die sie gelehrt haben, dass die Arbeit nicht nur ein Instrument ist, sondern ein Wert im Leben, und wie au\u00dferordentlich verbindlich aber bewegend es ist, bald morgens aufzustehen, den Herd einzuschalten, die Zutaten zu organisieren, das Garen des Fleisches zu kontrollieren, sich vom Duft der Butter, der Lorbeerbl\u00e4tter und Muskatnuss \u00fcberw\u00e4ltigen zu lassen und endlich den Schmorbraten, Mittelpunkt f\u00fcr die F\u00fcllung der \u201eLiebesknoten\u201d, der ber\u00fchmten Tortellini von Valeggio, zu kosten: Schmuckk\u00e4stchen voller Geschmack in einem Hauch aus goldenem Nudelteig, fein wie die Seide.<\/p>\n<p>Ein Gef\u00fchl von absoluter Ruhe umnebelt die Sinne. Es ist nicht nur das Vorzimmer der Verherrlichung eines gut gelungenen Gerichts, sondern die Verwirklichung eines unm\u00f6glichen Traums, der Zufriedenheit, die man am Ende eines kulinarischen Marathons f\u00fchlt&#8230;.. keine Troph\u00e4e oder ein Podium, sondern die Zufriedenheit, die auf der Tatsache beruht, dass Konzentration, \u00dcbung und Anstrengung belohnt wurden.<\/p>\n<\/div>\n","protected":false},"excerpt":{"rendered":"<p>Danke Nadia bedankt sich bei ihren Eltern, die sie gelehrt haben, dass die Arbeit nicht nur ein Instrument ist, sondern ein Wert im Leben, und wie au\u00dferordentlich verbindlich aber bewegend es ist, bald morgens aufzustehen, den Herd einzuschalten, die Zutaten zu organisieren, das Garen des Fleisches zu kontrollieren, sich vom Duft der Butter, der Lorbeerbl\u00e4tter [&hellip;]<\/p>\n","protected":false},"author":2,"featured_media":0,"parent":0,"menu_order":11,"comment_status":"closed","ping_status":"closed","template":"home.php","meta":[],"acf":[],"_links":{"self":[{"href":"http:\/\/www.ristoranteborsa.it\/de\/wp-json\/wp\/v2\/pages\/548"}],"collection":[{"href":"http:\/\/www.ristoranteborsa.it\/de\/wp-json\/wp\/v2\/pages"}],"about":[{"href":"http:\/\/www.ristoranteborsa.it\/de\/wp-json\/wp\/v2\/types\/page"}],"author":[{"embeddable":true,"href":"http:\/\/www.ristoranteborsa.it\/de\/wp-json\/wp\/v2\/users\/2"}],"replies":[{"embeddable":true,"href":"http:\/\/www.ristoranteborsa.it\/de\/wp-json\/wp\/v2\/comments?post=548"}],"version-history":[{"count":1,"href":"http:\/\/www.ristoranteborsa.it\/de\/wp-json\/wp\/v2\/pages\/548\/revisions"}],"predecessor-version":[{"id":556,"href":"http:\/\/www.ristoranteborsa.it\/de\/wp-json\/wp\/v2\/pages\/548\/revisions\/556"}],"wp:attachment":[{"href":"http:\/\/www.ristoranteborsa.it\/de\/wp-json\/wp\/v2\/media?parent=548"}],"curies":[{"name":"wp","href":"https:\/\/api.w.org\/{rel}","templated":true}]}}